{"id":8993,"date":"2023-09-12T15:39:32","date_gmt":"2023-09-12T13:39:32","guid":{"rendered":"https:\/\/bull-tile.com\/prodotto\/plinthe-bord-arrondi-7x60\/"},"modified":"2025-12-09T10:46:54","modified_gmt":"2025-12-09T09:46:54","slug":"plinthe-bord-arrondi-7x60","status":"publish","type":"product","link":"https:\/\/bull-tile.com\/fr\/prodotto\/plinthe-bord-arrondi-7x60\/","title":{"rendered":"Plinthe bord arrondi 7&#215;60"},"content":{"rendered":"<p>Plinthe \/ Bullnose en gr\u00e8s c\u00e9rame pleine masse, couleur blanc mat attribuable au Ral 9010, anti-poussi\u00e8re, hygi\u00e9nique, antibact\u00e9rien et facile \u00e0 nettoyer.<\/p>\n<p>Hauteur 7cm &#8211; Longueur 60cm<\/p>\n","protected":false},"excerpt":{"rendered":"<p>Plinthe \/ Bullnose en gr\u00e8s c\u00e9rame pleine masse, couleur blanc mat attribuable au Ral 9010, anti-poussi\u00e8re, hygi\u00e9nique, antibact\u00e9rien et facile \u00e0 nettoyer.<\/p>\n<p>Hauteur 7cm &#8211; Longueur 60cm<\/p>\n","protected":false},"featured_media":8765,"template":"","meta":[],"product_brand":[],"product_cat":[385],"product_tag":[],"class_list":{"0":"post-8993","1":"product","2":"type-product","3":"status-publish","4":"has-post-thumbnail","6":"product_cat-produits","8":"first","9":"instock","10":"taxable","11":"shipping-taxable","12":"purchasable","13":"product-type-simple"},"_links":{"self":[{"href":"https:\/\/bull-tile.com\/fr\/wp-json\/wp\/v2\/product\/8993","targetHints":{"allow":["GET"]}}],"collection":[{"href":"https:\/\/bull-tile.com\/fr\/wp-json\/wp\/v2\/product"}],"about":[{"href":"https:\/\/bull-tile.com\/fr\/wp-json\/wp\/v2\/types\/product"}],"wp:featuredmedia":[{"embeddable":true,"href":"https:\/\/bull-tile.com\/fr\/wp-json\/wp\/v2\/media\/8765"}],"wp:attachment":[{"href":"https:\/\/bull-tile.com\/fr\/wp-json\/wp\/v2\/media?parent=8993"}],"wp:term":[{"taxonomy":"product_brand","embeddable":true,"href":"https:\/\/bull-tile.com\/fr\/wp-json\/wp\/v2\/product_brand?post=8993"},{"taxonomy":"product_cat","embeddable":true,"href":"https:\/\/bull-tile.com\/fr\/wp-json\/wp\/v2\/product_cat?post=8993"},{"taxonomy":"product_tag","embeddable":true,"href":"https:\/\/bull-tile.com\/fr\/wp-json\/wp\/v2\/product_tag?post=8993"}],"curies":[{"name":"wp","href":"https:\/\/api.w.org\/{rel}","templated":true}]}}